{"id":8,"date":"2015-07-15T18:56:55","date_gmt":"2015-07-15T16:56:55","guid":{"rendered":"http:\/\/cvhdev01\/home\/catharina\/wp_skeleton\/?page_id=8"},"modified":"2022-01-12T07:52:02","modified_gmt":"2022-01-12T06:52:02","slug":"leistungen","status":"publish","type":"page","link":"https:\/\/mackdruck.de\/index.php\/leistungen\/","title":{"rendered":"Leistungen"},"content":{"rendered":"<h1>Das Synonym f\u00fcr Druck &#8230;<\/h1>\n<h2>In der Druckbranche sind wir Spezialisten \u2013 in allen Bereichen.<\/h2>\n<p><strong>Formularberatung:<\/strong> Wir analysieren auf Wunsch Ihr Vordruckwesen und optimieren Ihre Formulare auf \u00dcbersichtlichkeit und benutzerfreundliche Gestaltung. Das erh\u00f6ht die Effizienz und verringert die Fehlerquote.<\/p>\n<p><strong>Druckvorstufe: <\/strong><br \/>\nWir machen aus Ihren Dateien perfekte Druckvorlagen, setzen Ihre Ideen fachlich um und f\u00fchren \u00c4nderungen nach Ihren W\u00fcnschen aus.<\/p>\n<p><strong>Verarbeitung: <\/strong><br \/>\nCrimpen oder b\u00fcndeln, falzen, lochen, pr\u00e4gen, stanzen, heften \u2013 kein Problem f\u00fcr mack.<\/p>\n<p>Auf jeder unserer Highspeed-Rotationsmaschinen drucken wir in der Stunde bis zu 80.000 Exemplare mit bis zu f\u00fcnf Farben \u2013 mit und ohne Zwischenperforationen.<\/p>\n<p><img loading=\"lazy\" decoding=\"async\" class=\"alignright\" src=\"https:\/\/mackdruck.de\/wp-content\/uploads\/2015\/07\/fotolia_69705896.jpg\" alt=\"Leistungen - Druckmaschinen\" width=\"214\" height=\"245\"><\/p>\n<ul>\n<li>Einzelbl\u00e4tter f\u00fcr Laser- und Inkjet-Drucker<\/li>\n<li>Endlosformulare gefalzt bis 52 cm Breite<\/li>\n<li>Endlosformulare auf Rolle bis 120 cm Durchmesser<\/li>\n<li>Digitaldruck auf neuesten Xerox-Systemen<\/li>\n<li>Tr\u00e4gerbahn- und Schnelltrenns\u00e4tze<\/li>\n<li>Lohn- und Gehaltsabrechnungen f\u00fcr IBM, Asring, Paisy und Ipas<\/li>\n<li>Zollformulare<\/li>\n<li>Tabellierpapier<\/li>\n<li>Haftetiketten<\/li>\n<li>Gesch\u00e4ftsdrucke aller Art<\/li>\n<li>&#8230; und mehr<\/li>\n<\/ul>\n<p>Full Service ist f\u00fcr uns selbstverst\u00e4ndlich. Von der Visitenkarte bis zum Poster, von der Brosch\u00fcre zur Werbemittelbedruckung: Mit mack als Partner sind Sie in Sachen Druck immer auf der g\u00fcnstigen Seite.<\/p>\n","protected":false},"excerpt":{"rendered":"<p>Das Synonym f\u00fcr Druck &#8230; In der Druckbranche sind wir Spezialisten \u2013 in allen Bereichen. Formularberatung: Wir analysieren auf Wunsch Ihr Vordruckwesen und optimieren Ihre Formulare auf \u00dcbersichtlichkeit und benutzerfreundliche Gestaltung. Das erh\u00f6ht die Effizienz und verringert die Fehlerquote. Druckvorstufe: Wir machen aus Ihren Dateien perfekte Druckvorlagen, setzen Ihre Ideen&#8230;<\/p>\n","protected":false},"author":6,"featured_media":0,"parent":0,"menu_order":0,"comment_status":"closed","ping_status":"closed","template":"","meta":{"footnotes":""},"class_list":["post-8","page","type-page","status-publish","hentry"],"_links":{"self":[{"href":"https:\/\/mackdruck.de\/index.php\/wp-json\/wp\/v2\/pages\/8","targetHints":{"allow":["GET"]}}],"collection":[{"href":"https:\/\/mackdruck.de\/index.php\/wp-json\/wp\/v2\/pages"}],"about":[{"href":"https:\/\/mackdruck.de\/index.php\/wp-json\/wp\/v2\/types\/page"}],"author":[{"embeddable":true,"href":"https:\/\/mackdruck.de\/index.php\/wp-json\/wp\/v2\/users\/6"}],"replies":[{"embeddable":true,"href":"https:\/\/mackdruck.de\/index.php\/wp-json\/wp\/v2\/comments?post=8"}],"version-history":[{"count":22,"href":"https:\/\/mackdruck.de\/index.php\/wp-json\/wp\/v2\/pages\/8\/revisions"}],"predecessor-version":[{"id":460,"href":"https:\/\/mackdruck.de\/index.php\/wp-json\/wp\/v2\/pages\/8\/revisions\/460"}],"wp:attachment":[{"href":"https:\/\/mackdruck.de\/index.php\/wp-json\/wp\/v2\/media?parent=8"}],"curies":[{"name":"wp","href":"https:\/\/api.w.org\/{rel}","templated":true}]}}