{"id":235,"date":"2016-08-22T16:16:13","date_gmt":"2016-08-22T14:16:13","guid":{"rendered":"http:\/\/mackdruck.de\/?page_id=235"},"modified":"2024-06-03T07:18:08","modified_gmt":"2024-06-03T05:18:08","slug":"team","status":"publish","type":"page","link":"https:\/\/mackdruck.de\/index.php\/team\/","title":{"rendered":"Team"},"content":{"rendered":"<div class=\"row\">\n<p><div class=\"col-sm-6\"><img loading=\"lazy\" decoding=\"async\" class=\"size-full wp-image-252 aligncenter\" src=\"https:\/\/mackdruck.de\/wp-content\/uploads\/2016\/09\/profil_maennlich.png\" alt=\"\" width=\"365\" height=\"299\" \/>\n<p style=\"text-align: center;\"><strong>Carsten M\u00fcller | Gesch\u00e4ftsf\u00fchrer<\/strong><br \/>T: +49 4488 \/ 52540-0 | F: +49 4488 \/ 52540-14<br \/><img loading=\"lazy\" decoding=\"async\" class=\"alignnone wp-image-294\" style=\"border: none;\" src=\"https:\/\/mackdruck.de\/wp-content\/uploads\/2016\/09\/mail.png\" alt=\"mail\" width=\"21\" height=\"13\" \/> <a href=\"mailto:markus.duhme@mackdruck.de\" data-wplink-edit=\"true\">Mail an Carsten M\u00fcller<\/a><\/p>\n<p><\/p><\/div><\/p>\n<p><div class=\"col-sm-6\"><img loading=\"lazy\" decoding=\"async\" class=\"size-full wp-image-252 aligncenter\" src=\"https:\/\/mackdruck.de\/wp-content\/uploads\/2016\/09\/profil_maennlich.png\" alt=\"\" width=\"365\" height=\"299\" \/>\n<p style=\"text-align: center;\"><strong>Andr\u00e9 Dehning | Vertriebsleiter<\/strong><br \/>T: +49 421 \/ 699016-33 | F: +49 421 \/ 699016-50<br \/><img loading=\"lazy\" decoding=\"async\" class=\"alignnone wp-image-294\" style=\"border: none;\" src=\"https:\/\/mackdruck.de\/wp-content\/uploads\/2016\/09\/mail.png\" alt=\"mail\" width=\"21\" height=\"13\" \/> <a href=\"mailto:andre.dehning@mackdruck.de\">Mail an Andr\u00e9 Dehning<\/a><\/p>\n<p><\/p><\/div><\/p><\/div>\n<div class=\"row\"><div class=\"col-sm-6\"><img loading=\"lazy\" decoding=\"async\" class=\"size-full wp-image-252 aligncenter\" src=\"https:\/\/mackdruck.de\/wp-content\/uploads\/2016\/09\/profil_maennlich.png\" alt=\"\" width=\"365\" height=\"299\" \/>\n<p style=\"text-align: center;\"><strong>Volker B\u00f6se | Vertrieb<\/strong><br \/>T: +49 421 \/ 699016-15 | F: +49 421 \/ 699016-50<br \/><img loading=\"lazy\" decoding=\"async\" class=\"alignnone wp-image-294\" style=\"border: none;\" src=\"https:\/\/mackdruck.de\/wp-content\/uploads\/2016\/09\/mail.png\" alt=\"mail\" width=\"21\" height=\"13\" \/> <a href=\"mailto:volker.boese@mackdruck.de\">Mail an Volker B\u00f6se<\/a><\/p>\n<p><\/p><\/div><\/div>\n<div class=\"row\">\n<p><div class=\"col-sm-6\"><img loading=\"lazy\" decoding=\"async\" class=\"size-full wp-image-252 aligncenter\" src=\"https:\/\/mackdruck.de\/wp-content\/uploads\/2016\/09\/profil_maennlich.png\" alt=\"\" width=\"365\" height=\"299\" \/>\n<p style=\"text-align: center;\"><strong>Nico Behnken | Produktionsleiter<\/strong><br \/>T: +49 421 \/ 699016-12 | F: +49 421 \/ 699016-50<br \/><img loading=\"lazy\" decoding=\"async\" class=\"alignnone wp-image-294\" style=\"border: none;\" src=\"https:\/\/mackdruck.de\/wp-content\/uploads\/2016\/09\/mail.png\" alt=\"mail\" width=\"21\" height=\"13\" \/> <a href=\"mailto:nico.behnken@mackdruck.de\">Mail an Nico Behnken<\/a><\/p>\n<p><\/p><\/div><\/p>\n<p><\/p><\/div>\n<div class=\"row\"><div class=\"col-sm-6\"><img loading=\"lazy\" decoding=\"async\" class=\"size-full wp-image-250 aligncenter\" src=\"https:\/\/mackdruck.de\/wp-content\/uploads\/2016\/09\/profil_weiblich.png\" alt=\"\" width=\"365\" height=\"299\" \/>\n<p style=\"text-align: center;\"><strong>Ina Benike | Einkauf<\/strong><br \/>T: +49 421 \/ 699016-24 | F: +49 421 \/ 699016-50<br \/><img loading=\"lazy\" decoding=\"async\" class=\"alignnone wp-image-294\" style=\"border: none;\" src=\"https:\/\/mackdruck.de\/wp-content\/uploads\/2016\/09\/mail.png\" alt=\"mail\" width=\"21\" height=\"13\" \/> <a href=\"mailto:ina.benike@mackdruck.de\">Mail an Ina Benike<\/a><\/p>\n<p><\/p><\/div><div class=\"col-sm-6\"><img loading=\"lazy\" decoding=\"async\" class=\"size-full wp-image-250 aligncenter\" src=\"https:\/\/mackdruck.de\/wp-content\/uploads\/2016\/09\/profil_weiblich.png\" alt=\"\" width=\"365\" height=\"299\" \/>\n<p style=\"text-align: center;\"><strong>Corinna Neermann | Buchhaltung<\/strong><br \/>T: +49 421 \/ 699016-22 | F: +49 421 \/ 699016-50<br \/><img loading=\"lazy\" decoding=\"async\" class=\"alignnone wp-image-294\" style=\"border: none;\" src=\"https:\/\/mackdruck.de\/wp-content\/uploads\/2016\/09\/mail.png\" alt=\"mail\" width=\"21\" height=\"13\" \/> <a href=\"mailto:corinna.neermann@mackdruck.de\">Mail an Corinna Neermann<\/a><\/p>\n<p><\/p><\/div><\/div>\n\n\n<p><\/p>\n","protected":false},"excerpt":{"rendered":"","protected":false},"author":9,"featured_media":0,"parent":0,"menu_order":0,"comment_status":"closed","ping_status":"closed","template":"","meta":{"footnotes":""},"class_list":["post-235","page","type-page","status-publish","hentry"],"_links":{"self":[{"href":"https:\/\/mackdruck.de\/index.php\/wp-json\/wp\/v2\/pages\/235","targetHints":{"allow":["GET"]}}],"collection":[{"href":"https:\/\/mackdruck.de\/index.php\/wp-json\/wp\/v2\/pages"}],"about":[{"href":"https:\/\/mackdruck.de\/index.php\/wp-json\/wp\/v2\/types\/page"}],"author":[{"embeddable":true,"href":"https:\/\/mackdruck.de\/index.php\/wp-json\/wp\/v2\/users\/9"}],"replies":[{"embeddable":true,"href":"https:\/\/mackdruck.de\/index.php\/wp-json\/wp\/v2\/comments?post=235"}],"version-history":[{"count":53,"href":"https:\/\/mackdruck.de\/index.php\/wp-json\/wp\/v2\/pages\/235\/revisions"}],"predecessor-version":[{"id":486,"href":"https:\/\/mackdruck.de\/index.php\/wp-json\/wp\/v2\/pages\/235\/revisions\/486"}],"wp:attachment":[{"href":"https:\/\/mackdruck.de\/index.php\/wp-json\/wp\/v2\/media?parent=235"}],"curies":[{"name":"wp","href":"https:\/\/api.w.org\/{rel}","templated":true}]}}