{"id":106,"date":"2016-07-14T09:56:56","date_gmt":"2016-07-14T07:56:56","guid":{"rendered":"http:\/\/mackdruck.de\/?page_id=106"},"modified":"2016-10-13T09:35:32","modified_gmt":"2016-10-13T07:35:32","slug":"historie","status":"publish","type":"page","link":"https:\/\/mackdruck.de\/index.php\/historie\/","title":{"rendered":"Historie"},"content":{"rendered":"<h1>So buchstabiert man Teamwork<\/h1>\n<h2>mit\u00a0\u00fcber 50 Jahren Erfahrung<\/h2>\n<p>Schon vor \u00fcber 50 Jahren, als der Endlosdruck noch revolution\u00e4r war, kannte sich mack bestens damit aus. Seitdem setzen wir auf Erfahrung, Kundenorientierung und kontinuierliche Innovation, weit \u00fcber die Grenzen des Endlosdruckes hinaus.<\/p>\n<p>Unsere 40 Mitarbeiter sind hoch motiviert &#8211; das zeigte sich auch 1997, als das Unternehmen mack von langj\u00e4hrigen Mitarbeitern aus der Insolvenz gekauft und weiter gef\u00fchrt wurde.<\/p>\n<p>Dieser Teamgeist flie\u00dft stets in unsere Arbeit ein und beweist sich in dem Engagement, das unsere Kunden von uns gewohnt sind und jeder Interessent von uns erwarten darf.<\/p>\n<p><img loading=\"lazy\" decoding=\"async\" class=\"alignnone wp-image-157\" src=\"https:\/\/mackdruck.de\/wp-content\/uploads\/2016\/07\/fotolia_113244936-1.jpg\" alt=\"Historie - once upon a time\" width=\"756\" height=\"189\" \/><\/p>\n","protected":false},"excerpt":{"rendered":"<p>So buchstabiert man Teamwork mit\u00a0\u00fcber 50 Jahren Erfahrung Schon vor \u00fcber 50 Jahren, als der Endlosdruck noch revolution\u00e4r war, kannte sich mack bestens damit aus. Seitdem setzen wir auf Erfahrung, Kundenorientierung und kontinuierliche Innovation, weit \u00fcber die Grenzen des Endlosdruckes hinaus. Unsere 40 Mitarbeiter sind hoch motiviert &#8211; das zeigte&#8230;<\/p>\n","protected":false},"author":9,"featured_media":0,"parent":0,"menu_order":0,"comment_status":"closed","ping_status":"closed","template":"","meta":{"footnotes":""},"class_list":["post-106","page","type-page","status-publish","hentry"],"_links":{"self":[{"href":"https:\/\/mackdruck.de\/index.php\/wp-json\/wp\/v2\/pages\/106","targetHints":{"allow":["GET"]}}],"collection":[{"href":"https:\/\/mackdruck.de\/index.php\/wp-json\/wp\/v2\/pages"}],"about":[{"href":"https:\/\/mackdruck.de\/index.php\/wp-json\/wp\/v2\/types\/page"}],"author":[{"embeddable":true,"href":"https:\/\/mackdruck.de\/index.php\/wp-json\/wp\/v2\/users\/9"}],"replies":[{"embeddable":true,"href":"https:\/\/mackdruck.de\/index.php\/wp-json\/wp\/v2\/comments?post=106"}],"version-history":[{"count":12,"href":"https:\/\/mackdruck.de\/index.php\/wp-json\/wp\/v2\/pages\/106\/revisions"}],"predecessor-version":[{"id":320,"href":"https:\/\/mackdruck.de\/index.php\/wp-json\/wp\/v2\/pages\/106\/revisions\/320"}],"wp:attachment":[{"href":"https:\/\/mackdruck.de\/index.php\/wp-json\/wp\/v2\/media?parent=106"}],"curies":[{"name":"wp","href":"https:\/\/api.w.org\/{rel}","templated":true}]}}